{"id":15,"date":"2023-07-15T05:25:56","date_gmt":"2023-07-15T05:25:56","guid":{"rendered":"https:\/\/ramaseca.cl\/?page_id=15"},"modified":"2023-11-05T15:42:14","modified_gmt":"2023-11-05T19:42:14","slug":"contactenos","status":"publish","type":"page","link":"https:\/\/ramaseca.cl\/en\/contactenos\/","title":{"rendered":"Contact us"},"content":{"rendered":"<style>.kb-row-layout-id15_770ceb-17 > .kt-row-column-wrap{align-content:start;}:where(.kb-row-layout-id15_770ceb-17 > .kt-row-column-wrap) > .wp-block-kadence-column{justify-content:start;}.kb-row-layout-id15_770ceb-17 > .kt-row-column-wrap{column-gap:var(--global-kb-gap-md, 2rem);row-gap:var(--global-kb-gap-md, 2rem);padding-top:var(--global-kb-spacing-sm, 1.5rem);padding-bottom:var(--global-kb-spacing-sm, 1.5rem);grid-template-columns:repeat(2, minmax(0, 1fr));}.kb-row-layout-id15_770ceb-17 > .kt-row-layout-overlay{opacity:0.30;}@media all and (max-width: 1024px){.kb-row-layout-id15_770ceb-17 > .kt-row-column-wrap{grid-template-columns:repeat(2, minmax(0, 1fr));}}@media all and (max-width: 767px){.kb-row-layout-id15_770ceb-17 > .kt-row-column-wrap{grid-template-columns:minmax(0, 1fr);}}<\/style><div class=\"kb-row-layout-wrap kb-row-layout-id15_770ceb-17 alignnone wp-block-kadence-rowlayout\"><div class=\"kt-row-column-wrap kt-has-2-columns kt-row-layout-equal kt-tab-layout-inherit kt-mobile-layout-row kt-row-valign-top\">\n<style>.kadence-column15_247463-c0 > .kt-inside-inner-col{padding-top:var(--global-kb-spacing-xs, 1rem);padding-right:var(--global-kb-spacing-xs, 1rem);padding-bottom:var(--global-kb-spacing-xs, 1rem);padding-left:var(--global-kb-spacing-xs, 1rem);}.kadence-column15_247463-c0 > .kt-inside-inner-col{box-shadow:0px 0px 14px 0px rgba(0, 0, 0, 0.2);border-top:0px solid #f4f4f4;border-right:0px solid #f4f4f4;border-bottom:0px solid #f4f4f4;border-left:0px solid #f4f4f4;}.kadence-column15_247463-c0 > .kt-inside-inner-col,.kadence-column15_247463-c0 > .kt-inside-inner-col:before{border-top-left-radius:23px;border-top-right-radius:23px;border-bottom-right-radius:23px;border-bottom-left-radius:23px;}.kadence-column15_247463-c0 > .kt-inside-inner-col{column-gap:var(--global-kb-gap-sm, 1rem);}.kadence-column15_247463-c0 > .kt-inside-inner-col{flex-direction:column;}.kadence-column15_247463-c0 > .kt-inside-inner-col > .aligncenter{width:100%;}.kadence-column15_247463-c0 > .kt-inside-inner-col:before{opacity:0.3;}.kadence-column15_247463-c0{position:relative;}@media all and (max-width: 1024px){.kadence-column15_247463-c0 > .kt-inside-inner-col{border-top:0px solid #f4f4f4;border-right:0px solid #f4f4f4;border-bottom:0px solid #f4f4f4;border-left:0px solid #f4f4f4;flex-direction:column;}}@media all and (max-width: 767px){.kadence-column15_247463-c0 > .kt-inside-inner-col{border-top:0px solid #f4f4f4;border-right:0px solid #f4f4f4;border-bottom:0px solid #f4f4f4;border-left:0px solid #f4f4f4;flex-direction:column;}}<\/style>\n<div class=\"wp-block-kadence-column kadence-column15_247463-c0\"><div class=\"kt-inside-inner-col\"><style>.kadence-form-15_2d2aca-4f .kb-form .kadence-blocks-form-field .kb-text-style-field, .kadence-form-15_2d2aca-4f .kb-form .kadence-blocks-form-field .kb-select-style-field{background:var(--global-palette5, #4A5568);}<\/style>\n<div class=\"wp-block-kadence-form kadence-form-15_2d2aca-4f kb-form-wrap\"><form class=\"kb-form\" action=\"\" method=\"post\" data-trp-original-action=\"\"><div class=\"kadence-blocks-form-field kb-field-desk-width-100 kb-input-size-standard\"><label for=\"kb_field_15_2d2aca-4f_0\">Full name<\/label><input name=\"kb_field_0\" id=\"kb_field_15_2d2aca-4f_0\" data-label=\"Nombre completo\" type=\"text\" placeholder=\"\" value=\"\" data-type=\"text\" class=\"kb-field kb-text-style-field kb-text-field kb-field-0\"\/><\/div><div class=\"kadence-blocks-form-field kb-form-field-1 kb-field-desk-width-100 kb-input-size-standard\"><label for=\"kb_field_15_2d2aca-4f_1\">Company | business name<\/label><input name=\"kb_field_1\" id=\"kb_field_15_2d2aca-4f_1\" data-label=\"Empresa | Raz\u00f3n social\" type=\"text\" placeholder=\"\" value=\"\" data-type=\"text\" class=\"kb-field kb-text-style-field kb-text-field kb-field-1\"\/><\/div><div class=\"kadence-blocks-form-field kb-form-field-2 kb-field-desk-width-100 kb-input-size-standard\"><label for=\"kb_field_15_2d2aca-4f_2\">Phone<\/label><input name=\"kb_field_2\" id=\"kb_field_15_2d2aca-4f_2\" data-label=\"T\u00e9lefono\" type=\"text\" placeholder=\"\" value=\"\" data-type=\"text\" class=\"kb-field kb-text-style-field kb-text-field kb-field-2\"\/><\/div><div class=\"kadence-blocks-form-field kb-form-field-3 kb-field-desk-width-100 kb-input-size-standard\"><label for=\"kb_field_15_2d2aca-4f_3\">Email<span class=\"required\">*<\/span><\/label><input name=\"kb_field_3\" id=\"kb_field_15_2d2aca-4f_3\" data-label=\"Email\" type=\"email\" placeholder=\"\" value=\"\" data-type=\"email\" class=\"kb-field kb-text-style-field kb-email-field kb-field-3\" data-required=\"yes\"\/><\/div><div class=\"kadence-blocks-form-field kb-form-field-4 kb-field-desk-width-100 kb-input-size-standard\"><label for=\"kb_field_15_2d2aca-4f_4\">Message<span class=\"required\">*<\/span><\/label><textarea name=\"kb_field_4\" id=\"kb_field_15_2d2aca-4f_4\" data-label=\"Mensaje\" type=\"textarea\" placeholder=\"\" data-type=\"textarea\" class=\"kb-field kb-text-style-field kb-textarea-field kb-field-4\" rows=\"4\" data-required=\"yes\"><\/textarea><\/div><input type=\"hidden\" name=\"_kb_form_id\" value=\"15_2d2aca-4f\"\/><input type=\"hidden\" name=\"_kb_form_post_id\" value=\"15\"\/><input type=\"hidden\" name=\"action\" value=\"kb_process_ajax_submit\"\/><input class=\"kadence-blocks-field verify\" type=\"text\" name=\"_kb_verify_email\" autocomplete=\"new-password\" aria-hidden=\"true\" placeholder=\"Email\" tabindex=\"-1\" data-1p-ignore=\"true\" data-lpignore=\"true\" \/><div class=\"kadence-blocks-form-field kb-submit-field kb-field-desk-width-100\"><button class=\"kb-forms-submit button kb-button-size-standard kb-button-width-auto\">Send<\/button><\/div><input type=\"hidden\" name=\"trp-form-language\" value=\"en\"\/><\/form><\/div>\n<noscript><div class=\"kadence-blocks-form-message kadence-blocks-form-warning\">Please enable JavaScript in your browser to submit the form<\/div><style>.kadence-form-15_2d2aca-4f .kadence-blocks-form-field.kb-submit-field { display: none; }<\/style><\/noscript><\/div><\/div>\n\n\n<style>.kadence-column15_829204-e8 > .kt-inside-inner-col,.kadence-column15_829204-e8 > .kt-inside-inner-col:before{border-top-left-radius:0px;border-top-right-radius:0px;border-bottom-right-radius:0px;border-bottom-left-radius:0px;}.kadence-column15_829204-e8 > .kt-inside-inner-col{column-gap:var(--global-kb-gap-sm, 1rem);}.kadence-column15_829204-e8 > .kt-inside-inner-col{flex-direction:column;}.kadence-column15_829204-e8 > .kt-inside-inner-col > .aligncenter{width:100%;}.kadence-column15_829204-e8 > .kt-inside-inner-col:before{opacity:0.3;}.kadence-column15_829204-e8{position:relative;}@media all and (max-width: 1024px){.kadence-column15_829204-e8 > .kt-inside-inner-col{flex-direction:column;}}@media all and (max-width: 767px){.kadence-column15_829204-e8 > .kt-inside-inner-col{flex-direction:column;}}<\/style>\n<div class=\"wp-block-kadence-column kadence-column15_829204-e8\"><div class=\"kt-inside-inner-col\"><style>.wp-block-kadence-advancedheading.kt-adv-heading15_072f2d-1b, .wp-block-kadence-advancedheading.kt-adv-heading15_072f2d-1b[data-kb-block=\"kb-adv-heading15_072f2d-1b\"]{font-style:normal;}.wp-block-kadence-advancedheading.kt-adv-heading15_072f2d-1b mark, .wp-block-kadence-advancedheading.kt-adv-heading15_072f2d-1b[data-kb-block=\"kb-adv-heading15_072f2d-1b\"] mark{font-style:normal;color:#f76a0c;padding-top:0px;padding-right:0px;padding-bottom:0px;padding-left:0px;}<\/style>\n<h2 class=\"kt-adv-heading15_072f2d-1b wp-block-kadence-advancedheading\" data-kb-block=\"kb-adv-heading15_072f2d-1b\">We will respond as soon as possible<\/h2>\n\n\n\n<p>Thank you for contacting us! In Ramaseca Engineering we are committed to providing you the most efficient care. <br>Contact us now and find out how we can help you.<\/p>\n\n\n<style>.wp-block-kadence-advancedbtn.kb-btns15_822284-b3{gap:var(--global-kb-gap-xs, 0.5rem );justify-content:center;align-items:center;}.kt-btns15_822284-b3 .kt-button{font-weight:normal;font-style:normal;}.kt-btns15_822284-b3 .kt-btn-wrap-0{margin-right:5px;}.wp-block-kadence-advancedbtn.kt-btns15_822284-b3 .kt-btn-wrap-0 .kt-button{color:#555555;border-color:#555555;}.wp-block-kadence-advancedbtn.kt-btns15_822284-b3 .kt-btn-wrap-0 .kt-button:hover, .wp-block-kadence-advancedbtn.kt-btns15_822284-b3 .kt-btn-wrap-0 .kt-button:focus{color:#ffffff;border-color:#444444;}.wp-block-kadence-advancedbtn.kt-btns15_822284-b3 .kt-btn-wrap-0 .kt-button::before{display:none;}.wp-block-kadence-advancedbtn.kt-btns15_822284-b3 .kt-btn-wrap-0 .kt-button:hover, .wp-block-kadence-advancedbtn.kt-btns15_822284-b3 .kt-btn-wrap-0 .kt-button:focus{background:#444444;}<\/style>\n<div class=\"wp-block-kadence-advancedbtn kb-buttons-wrap kb-btns15_822284-b3\"><style>ul.menu .wp-block-kadence-advancedbtn .kb-btn15_31699b-6d.kb-button{width:initial;}@media all and (max-width: 1024px){.kb-btn15_31699b-6d.kb-button .kb-svg-icon-wrap{display:block;}}<\/style><span class=\"kb-button kt-button button kb-btn15_31699b-6d kt-btn-size-standard kt-btn-width-type-auto kb-btn-global-fill kt-btn-has-text-true kt-btn-has-svg-true wp-block-kadence-singlebtn\"><span class=\"kb-svg-icon-wrap kb-svg-icon-fe_phone kt-btn-icon-side-left\"><svg viewbox=\"0 0 24 24\"  fill=\"none\" stroke=\"currentColor\" stroke-width=\"2\" stroke-linecap=\"round\" stroke-linejoin=\"round\" xmlns=\"http:\/\/www.w3.org\/2000\/svg\"  aria-hidden=\"true\"><path d=\"M22 16.92v3a2 2 0 0 1-2.18 2 19.79 19.79 0 0 1-8.63-3.07 19.5 19.5 0 0 1-6-6 19.79 19.79 0 0 1-3.07-8.67A2 2 0 0 1 4.11 2h3a2 2 0 0 1 2 1.72 12.84 12.84 0 0 0 .7 2.81 2 2 0 0 1-.45 2.11L8.09 9.91a16 16 0 0 0 6 6l1.27-1.27a2 2 0 0 1 2.11-.45 12.84 12.84 0 0 0 2.81.7A2 2 0 0 1 22 16.92z\"\/><\/svg><\/span><span class=\"kt-btn-inner-text\">232998819<\/span><\/span><\/div>\n\n\n\n<p>Visit us at: Urmeneta 1278, Conchal\u00ed, Regi\u00f3n Metropolitana <\/p>\n\n\n<style>.kb-google-maps-container15_6bef87-6a{height:351px;}<\/style><div class=\"kb-google-maps-container kb-google-maps-container15_6bef87-6a  wp-block-kadence-googlemaps\" data-mapid=\"15_6bef87-6a\"><iframe width=\"100%\" height=\"100%\"\n\t\t\t\t\t\t\tstyle=\"border:0\" loading=\"lazy\"\n\t\t\t\t\t\t\tsrc=\"https:\/\/www.google.com\/maps\/embed\/v1\/place?key=AIzaSyBAM2o7PiQqwk15LC1XRH2e_KJ-jUa7KYk&#038;zoom=15&#038;maptype=roadmap&#038;q=urmeneta+1278%2C+conchal%C3%AD\"\n\t\t\t\t\t\t\ttitle=\"Google map of urmeneta 1278, conchal\u00ed\"><\/iframe><\/div><script>function kb_google_map15_6bef87_6a() { let center = { lat: 37.8201, lng: -122.4781}; let map = new google.maps.Map(document.getElementById(\"kb-google-map15_6bef87-6a\"), {\n\t\t\t\t\t    zoom: 15,\n\t\t\t\t\t    center: center,});let marker = new google.maps.Marker({   position: { lat: 37.8201, lng: -122.4781},    map: map,  });}<\/script><\/div><\/div>\n\n<\/div><\/div>\n\n<style>.kb-row-layout-id15_555bd8-9f > .kt-row-column-wrap{align-content:start;}:where(.kb-row-layout-id15_555bd8-9f > .kt-row-column-wrap) > .wp-block-kadence-column{justify-content:start;}.kb-row-layout-id15_555bd8-9f > .kt-row-column-wrap{column-gap:var(--global-kb-gap-md, 2rem);row-gap:var(--global-kb-gap-sm, 1rem);max-width:539px;margin-left:auto;margin-right:auto;padding-top:var(--global-kb-spacing-sm, 1.5rem);padding-bottom:var(--global-kb-spacing-sm, 1.5rem);grid-template-columns:minmax(0, 1fr);}.kb-row-layout-id15_555bd8-9f > .kt-row-layout-overlay{opacity:0.30;}@media all and (max-width: 1024px){.kb-row-layout-id15_555bd8-9f > .kt-row-column-wrap{grid-template-columns:minmax(0, 1fr);}}@media all and (max-width: 767px){.kb-row-layout-id15_555bd8-9f > .kt-row-column-wrap{grid-template-columns:minmax(0, 1fr);}}<\/style><div class=\"kb-row-layout-wrap kb-row-layout-id15_555bd8-9f alignnone wp-block-kadence-rowlayout\"><div class=\"kt-row-column-wrap kt-has-1-columns kt-row-layout-equal kt-tab-layout-inherit kt-mobile-layout-row kt-row-valign-top\">\n<style>.kadence-column15_b9aba6-58 > .kt-inside-inner-col,.kadence-column15_b9aba6-58 > .kt-inside-inner-col:before{border-top-left-radius:0px;border-top-right-radius:0px;border-bottom-right-radius:0px;border-bottom-left-radius:0px;}.kadence-column15_b9aba6-58 > .kt-inside-inner-col{column-gap:var(--global-kb-gap-sm, 1rem);}.kadence-column15_b9aba6-58 > .kt-inside-inner-col{flex-direction:column;}.kadence-column15_b9aba6-58 > .kt-inside-inner-col > .aligncenter{width:100%;}.kadence-column15_b9aba6-58 > .kt-inside-inner-col:before{opacity:0.3;}.kadence-column15_b9aba6-58{position:relative;}@media all and (max-width: 1024px){.kadence-column15_b9aba6-58 > .kt-inside-inner-col{flex-direction:column;}}@media all and (max-width: 767px){.kadence-column15_b9aba6-58 > .kt-inside-inner-col{flex-direction:column;}}<\/style>\n<div class=\"wp-block-kadence-column kadence-column15_b9aba6-58\"><div class=\"kt-inside-inner-col\"><style>.wp-block-kadence-advancedgallery.kb-gallery-wrap-id-15_e56210-96{overflow:hidden;}.kb-gallery-type-carousel.kb-gallery-id-15_e56210-96 .kt-blocks-carousel .kt-blocks-carousel-init:not( .splide-initialized ){margin-left:-15.5px;margin-right:-15.5px;}.kb-gallery-type-carousel.kb-gallery-id-15_e56210-96 .kt-blocks-carousel .kt-blocks-carousel-init:not( .splide-initialized ) .kb-slide-item{padding-left:15.5px;padding-right:15.5px;}.kb-gallery-id-15_e56210-96 .kadence-blocks-gallery-item .kb-gal-image-radius{border-radius:0px 0px 0px 0px;}<\/style><div class=\"kb-gallery-wrap-id-15_e56210-96 alignnone wp-block-kadence-advancedgallery\"><div class=\"kb-gallery-ul kb-gallery-non-static kb-gallery-type-carousel kb-gallery-id-15_e56210-96 kb-gallery-caption-style-bottom-hover kb-gallery-filter-none\" data-image-filter=\"none\" data-lightbox-caption=\"true\"><div class=\"kt-blocks-carousel kt-carousel-container-dotstyle-none\"><div class=\"kt-blocks-carousel-init kb-gallery-carousel kt-carousel-arrowstyle-none kt-carousel-dotstyle-none\" data-columns-xxl=\"6\" data-columns-xl=\"6\" data-columns-md=\"6\" data-columns-sm=\"4\" data-columns-xs=\"4\" data-columns-ss=\"3\" data-slider-anim-speed=\"400\" data-slider-scroll=\"1\" data-slider-arrows=\"false\" data-slider-dots=\"false\" data-slider-hover-pause=\"false\" data-slider-auto=\"1\" data-slider-speed=\"2800\" data-slider-gap=\"31px\" data-slider-gap-tablet=\"31px\" data-slider-gap-mobile=\"31px\"><div class=\"kb-slide-item kb-gallery-carousel-item\"><div class=\"kadence-blocks-gallery-item\"><div class=\"kadence-blocks-gallery-item-inner\"><figure class=\"kb-gallery-figure kadence-blocks-gallery-item-hide-caption\" \"><div class=\"kb-gal-image-radius\"><div class=\"kb-gallery-image-contain kadence-blocks-gallery-intrinsic kb-gallery-image-ratio-inherit kb-has-image-ratio-inherit\" ><img loading=\"lazy\" decoding=\"async\" src=\"https:\/\/ramaseca.cl\/wp-content\/uploads\/2023\/07\/Imagen4.jpg\" width=\"384\" height=\"157\" alt=\"\" data-full-image=\"https:\/\/ramaseca.cl\/wp-content\/uploads\/2023\/07\/Imagen4.jpg\" data-light-image=\"https:\/\/ramaseca.cl\/wp-content\/uploads\/2023\/07\/Imagen4.jpg\" data-id=\"235\" class=\"wp-image-235 skip-lazy\" srcset=\"https:\/\/ramaseca.cl\/wp-content\/uploads\/2023\/07\/Imagen4.jpg 384w, https:\/\/ramaseca.cl\/wp-content\/uploads\/2023\/07\/Imagen4-300x123.jpg 300w\" sizes=\"auto, (max-width: 384px) 100vw, 384px\" \/><\/div><\/div><\/figure><\/div><\/div><\/div><div class=\"kb-slide-item kb-gallery-carousel-item\"><div class=\"kadence-blocks-gallery-item\"><div class=\"kadence-blocks-gallery-item-inner\"><figure class=\"kb-gallery-figure kadence-blocks-gallery-item-hide-caption\" \"><div class=\"kb-gal-image-radius\"><div class=\"kb-gallery-image-contain kadence-blocks-gallery-intrinsic kb-gallery-image-ratio-inherit kb-has-image-ratio-inherit\" ><img loading=\"lazy\" decoding=\"async\" src=\"https:\/\/ramaseca.cl\/wp-content\/uploads\/2023\/07\/Imagen5.jpg\" width=\"113\" height=\"52\" alt=\"\" data-full-image=\"https:\/\/ramaseca.cl\/wp-content\/uploads\/2023\/07\/Imagen5.jpg\" data-light-image=\"https:\/\/ramaseca.cl\/wp-content\/uploads\/2023\/07\/Imagen5.jpg\" data-id=\"236\" class=\"wp-image-236 skip-lazy\"\/><\/div><\/div><\/figure><\/div><\/div><\/div><div class=\"kb-slide-item kb-gallery-carousel-item\"><div class=\"kadence-blocks-gallery-item\"><div class=\"kadence-blocks-gallery-item-inner\"><figure class=\"kb-gallery-figure kadence-blocks-gallery-item-hide-caption\" \"><div class=\"kb-gal-image-radius\"><div class=\"kb-gallery-image-contain kadence-blocks-gallery-intrinsic kb-gallery-image-ratio-inherit kb-has-image-ratio-inherit\" ><img loading=\"lazy\" decoding=\"async\" src=\"https:\/\/ramaseca.cl\/wp-content\/uploads\/2023\/07\/Imagen6.jpg\" width=\"107\" height=\"60\" alt=\"\" data-full-image=\"https:\/\/ramaseca.cl\/wp-content\/uploads\/2023\/07\/Imagen6.jpg\" data-light-image=\"https:\/\/ramaseca.cl\/wp-content\/uploads\/2023\/07\/Imagen6.jpg\" data-id=\"237\" class=\"wp-image-237 skip-lazy\"\/><\/div><\/div><\/figure><\/div><\/div><\/div><div class=\"kb-slide-item kb-gallery-carousel-item\"><div class=\"kadence-blocks-gallery-item\"><div class=\"kadence-blocks-gallery-item-inner\"><figure class=\"kb-gallery-figure kadence-blocks-gallery-item-hide-caption\" \"><div class=\"kb-gal-image-radius\"><div class=\"kb-gallery-image-contain kadence-blocks-gallery-intrinsic kb-gallery-image-ratio-inherit kb-has-image-ratio-inherit\" ><img loading=\"lazy\" decoding=\"async\" src=\"https:\/\/ramaseca.cl\/wp-content\/uploads\/2023\/07\/Imagen7.png\" width=\"204\" height=\"45\" alt=\"\" data-full-image=\"https:\/\/ramaseca.cl\/wp-content\/uploads\/2023\/07\/Imagen7.png\" data-light-image=\"https:\/\/ramaseca.cl\/wp-content\/uploads\/2023\/07\/Imagen7.png\" data-id=\"238\" class=\"wp-image-238 skip-lazy\"\/><\/div><\/div><\/figure><\/div><\/div><\/div><div class=\"kb-slide-item kb-gallery-carousel-item\"><div class=\"kadence-blocks-gallery-item\"><div class=\"kadence-blocks-gallery-item-inner\"><figure class=\"kb-gallery-figure kadence-blocks-gallery-item-hide-caption\" \"><div class=\"kb-gal-image-radius\"><div class=\"kb-gallery-image-contain kadence-blocks-gallery-intrinsic kb-gallery-image-ratio-inherit kb-has-image-ratio-inherit\" ><img loading=\"lazy\" decoding=\"async\" src=\"https:\/\/ramaseca.cl\/wp-content\/uploads\/2023\/07\/Imagen8.jpg\" width=\"144\" height=\"59\" alt=\"\" data-full-image=\"https:\/\/ramaseca.cl\/wp-content\/uploads\/2023\/07\/Imagen8.jpg\" data-light-image=\"https:\/\/ramaseca.cl\/wp-content\/uploads\/2023\/07\/Imagen8.jpg\" data-id=\"239\" class=\"wp-image-239 skip-lazy\"\/><\/div><\/div><\/figure><\/div><\/div><\/div><div class=\"kb-slide-item kb-gallery-carousel-item\"><div class=\"kadence-blocks-gallery-item\"><div class=\"kadence-blocks-gallery-item-inner\"><figure class=\"kb-gallery-figure kadence-blocks-gallery-item-hide-caption\" \"><div class=\"kb-gal-image-radius\"><div class=\"kb-gallery-image-contain kadence-blocks-gallery-intrinsic kb-gallery-image-ratio-inherit kb-has-image-ratio-inherit\" ><img loading=\"lazy\" decoding=\"async\" src=\"https:\/\/ramaseca.cl\/wp-content\/uploads\/2023\/07\/Imagen9.png\" width=\"176\" height=\"110\" alt=\"\" data-full-image=\"https:\/\/ramaseca.cl\/wp-content\/uploads\/2023\/07\/Imagen9.png\" data-light-image=\"https:\/\/ramaseca.cl\/wp-content\/uploads\/2023\/07\/Imagen9.png\" data-id=\"240\" class=\"wp-image-240 skip-lazy\"\/><\/div><\/div><\/figure><\/div><\/div><\/div><\/div><\/div><\/div><\/div><\/div><\/div>\n\n<\/div><\/div>","protected":false},"excerpt":{"rendered":"<p>Responderemos a la brevedad \u00a1Gracias por contactarnos! En Ramaseca Ingenier\u00eda estamos comprometidos a brindarle la m\u00e1s eficiente atenci\u00f3n. Cont\u00e1ctanos ahora y descubre como podemos ayudarte. Vis\u00edtanos en: Urmeneta 1278, Conchal\u00ed, Regi\u00f3n Metropolitana<\/p>","protected":false},"author":1,"featured_media":0,"parent":0,"menu_order":0,"comment_status":"closed","ping_status":"closed","template":"","meta":{"_kad_blocks_custom_css":"","_kad_blocks_head_custom_js":"","_kad_blocks_body_custom_js":"","_kad_blocks_footer_custom_js":"","_kadence_starter_templates_imported_post":false,"_kad_post_transparent":"","_kad_post_title":"","_kad_post_layout":"","_kad_post_sidebar_id":"","_kad_post_content_style":"","_kad_post_vertical_padding":"","_kad_post_feature":"","_kad_post_feature_position":"","_kad_post_header":false,"_kad_post_footer":false,"footnotes":""},"class_list":["post-15","page","type-page","status-publish","hentry"],"taxonomy_info":[],"featured_image_src_large":false,"author_info":{"display_name":"admin","author_link":"https:\/\/ramaseca.cl\/en\/author\/admin\/"},"comment_info":0,"_links":{"self":[{"href":"https:\/\/ramaseca.cl\/en\/wp-json\/wp\/v2\/pages\/15","targetHints":{"allow":["GET"]}}],"collection":[{"href":"https:\/\/ramaseca.cl\/en\/wp-json\/wp\/v2\/pages"}],"about":[{"href":"https:\/\/ramaseca.cl\/en\/wp-json\/wp\/v2\/types\/page"}],"author":[{"embeddable":true,"href":"https:\/\/ramaseca.cl\/en\/wp-json\/wp\/v2\/users\/1"}],"replies":[{"embeddable":true,"href":"https:\/\/ramaseca.cl\/en\/wp-json\/wp\/v2\/comments?post=15"}],"version-history":[{"count":18,"href":"https:\/\/ramaseca.cl\/en\/wp-json\/wp\/v2\/pages\/15\/revisions"}],"predecessor-version":[{"id":522,"href":"https:\/\/ramaseca.cl\/en\/wp-json\/wp\/v2\/pages\/15\/revisions\/522"}],"wp:attachment":[{"href":"https:\/\/ramaseca.cl\/en\/wp-json\/wp\/v2\/media?parent=15"}],"curies":[{"name":"wp","href":"https:\/\/api.w.org\/{rel}","templated":true}]}}